{"id":109,"date":"2019-04-25T21:31:48","date_gmt":"2019-04-25T21:31:48","guid":{"rendered":"https:\/\/yuhan.pro\/?page_id=109"},"modified":"2019-07-22T19:50:30","modified_gmt":"2019-07-22T19:50:30","slug":"consultant-seo-ile-maurice","status":"publish","type":"page","link":"https:\/\/yuhan.pro\/fr-mu\/","title":{"rendered":"R\u00e9f\u00e9rencement naturel (SEO) Ile Maurice"},"content":{"rendered":"\t\t<div data-elementor-type=\"wp-post\" data-elementor-id=\"109\" class=\"elementor elementor-109\">\n\t\t\t\t\t\t<section class=\"elementor-section elementor-top-section elementor-element elementor-element-845f94f elementor-section-boxed elementor-section-height-default elementor-section-height-default\" data-id=\"845f94f\" data-element_type=\"section\" data-e-type=\"section\">\n\t\t\t\t\t\t<div class=\"elementor-container elementor-column-gap-default\">\n\t\t\t\t\t<div class=\"elementor-column elementor-col-100 elementor-top-column elementor-element elementor-element-8379c16\" data-id=\"8379c16\" data-element_type=\"column\" data-e-type=\"column\">\n\t\t\t<div class=\"elementor-widget-wrap elementor-element-populated\">\n\t\t\t\t\t\t<div class=\"elementor-element elementor-element-01a72a0 elementor-widget elementor-widget-text-editor\" data-id=\"01a72a0\" data-element_type=\"widget\" data-e-type=\"widget\" data-widget_type=\"text-editor.default\">\n\t\t\t\t<div class=\"elementor-widget-container\">\n\t\t\t\t\t\t\t\t\t<p>Bienvenue sur mon blog. Je m&#8217;appelle Yuhan. Je suis un <strong>consultant en r\u00e9f\u00e9rencement naturel (SEO)<\/strong> bas\u00e9 \u00e0 l&#8217;ile Maurice. J&#8217;aide les entreprises \u00e0 optimiser leurs sites Web pour leurs utilisateurs et \u00e0 am\u00e9liorer leur classement dans les moteurs de recherche.<\/p><p>Ayant travaill\u00e9 dans des agences de communication, en sous-traitance et en tant que freelance, je suis actuellement en interne pour Teamonite. Je compte plus de 10 ans d&#8217;exp\u00e9rience dans le marketing digital et mon profil d&#8217;expert r\u00e9f\u00e9rencement freelance est au service des entreprises mauriciennes.<\/p><p>J&#8217;ai travaill\u00e9 avec d&#8217;autres canaux de marketing num\u00e9rique tels que la publicit\u00e9 Cout-par-Clic (CPC), les r\u00e9seaux sociaux ou le marketing par courriel, mais j&#8217;ai choisi le SEO comme sp\u00e9cialit\u00e9 principale. Je peux vous aider \u00e0 atteindre de nouveaux sommets sur les moteurs de recherche tels que Google et Bing.<\/p><h2>\u00c9TUDE DE CAS R\u00e9f\u00e9rencement Ile Maurice<\/h2><p>Un cordonnier mal chauss\u00e9 est acceptable, parfois. En r\u00e9f\u00e9rencement naturel, ceci n&#8217;est clairement pas une option. De nombreuses <strong>agences digitales \u00e0 l&#8217;\u00eele Maurice<\/strong> proposent des <em>services de r\u00e9f\u00e9rencement<\/em>. Combien d&#8217;entre eux se classent pour les mots-cl\u00e9s r\u00e9f\u00e9rencement ou SEO? C\u2019est une toute autre histoire.<\/p><p>Si vous souhaitez figurer dans les premiers r\u00e9sultats de Google, le meilleur endroit pour rechercher de tels services est sur Google lui-m\u00eame. Si une entreprise peut figurer dans les premiers r\u00e9sultats pour ses services, vous pouvez pr\u00e9sumer qu\u2019elle est capable de faire la m\u00eame chose pour vous. \u00c0 titre d&#8217;exemple; J&#8217;ai lanc\u00e9 mon blog en mai 2019 et je me positionne d\u00e9j\u00e0 sur Google pour des mots cl\u00e9s tels que:<\/p><ul><li>Expert SEO<\/li><li>Consultant SEO Ile Maurice<\/li><li><strong>R\u00e9f\u00e9rencement naturel Ile Maurice<\/strong><\/li><li><a href=\"https:\/\/yuhan.pro\/fr\/\">Expert SEO international<\/a><\/li><\/ul><p>Google propose son moteur de recherche en trois langues \u00e0 l&#8217;\u00eele Maurice; en <a href=\"https:\/\/www.google.mu\/setprefs?sig=0_3tHjhiVDOoXIHBFwme1YeSDRakg%3D&amp;hl=fr&amp;source=homepage&amp;sa=X&amp;ved=0ahUKEwi_zbz04oHjAhUpx4UKHfCOCpMQ2ZgBCAk\">Fran\u00e7ais<\/a>, en <a href=\"https:\/\/www.google.mu\/setprefs?sig=0_3tHjhiVDOoXIHBFwme1YeSDRakg%3D&amp;hl=en&amp;source=homepage&amp;sa=X&amp;ved=0ahUKEwiA5MW94oHjAhVPzYUKHeECDrkQ2ZgBCAk\">Anglais<\/a> et en <a href=\"https:\/\/www.google.mu\/setprefs?sig=0_3tHjhiVDOoXIHBFwme1YeSDRakg%3D&amp;hl=mfe&amp;source=homepage&amp;sa=X&amp;ved=0ahUKEwiA5MW94oHjAhVPzYUKHeECDrkQ2ZgBCAo\">Kreol Morisien<\/a>.\u00a0<\/p><p>Etant bilingue, j&#8217;optimise \u00e9galement mon site pour les internautes anglophones. Vous pouvez trouver mes services en utilisant des mots cl\u00e9s tels que:<\/p><ul><li>SEO Specialist<\/li><li>SEO expert Mauritius<\/li><li><a href=\"https:\/\/yuhan.pro\/en-mu\/\">SEO Mauritius<\/a><\/li><li><a href=\"https:\/\/yuhan.pro\/\" target=\"_blank\" rel=\"noopener\">International SEO expert<\/a><\/li><\/ul><p>Si vous souhaitez d\u00e9l\u00e9guer votre travail de r\u00e9f\u00e9rencement naturel \u00e0 une agence ou \u00e0 un consultant, il est judicieux de travailler avec une personne qui se positionne d\u00e9j\u00e0 pour ces mots cl\u00e9s pertinents \u00e0 l&#8217;\u00eele Maurice. De plus, l&#8217;agence ou le consultant repr\u00e9sentera votre image de marque dans les r\u00e9sultats de recherche. Il est important que vous choisissiez une personne qui travaille conform\u00e9ment aux <a href=\"https:\/\/support.google.com\/webmasters\/answer\/35769?hl=fr\">consignes aux webmasters de Google<\/a>. Google propose une vid\u00e9o (en anglais) sur comment trouver la bonne agence ou consultant en r\u00e9f\u00e9rencement naturel (SEO).<\/p>\t\t\t\t\t\t\t\t<\/div>\n\t\t\t\t<\/div>\n\t\t\t\t\t<\/div>\n\t\t<\/div>\n\t\t\t\t\t<\/div>\n\t\t<\/section>\n\t\t\t\t<section class=\"elementor-section elementor-top-section elementor-element elementor-element-9ae1d3c elementor-section-boxed elementor-section-height-default elementor-section-height-default\" data-id=\"9ae1d3c\" data-element_type=\"section\" data-e-type=\"section\">\n\t\t\t\t\t\t<div class=\"elementor-container elementor-column-gap-default\">\n\t\t\t\t\t<div class=\"elementor-column elementor-col-100 elementor-top-column elementor-element elementor-element-2ca09a6\" data-id=\"2ca09a6\" data-element_type=\"column\" data-e-type=\"column\">\n\t\t\t<div class=\"elementor-widget-wrap elementor-element-populated\">\n\t\t\t\t\t\t<div class=\"elementor-element elementor-element-d6c070c elementor-widget elementor-widget-video\" data-id=\"d6c070c\" data-element_type=\"widget\" data-e-type=\"widget\" data-settings=\"{&quot;youtube_url&quot;:&quot;https:\\\/\\\/youtu.be\\\/piSvFxV_M04&quot;,&quot;video_type&quot;:&quot;youtube&quot;,&quot;controls&quot;:&quot;yes&quot;}\" data-widget_type=\"video.default\">\n\t\t\t\t<div class=\"elementor-widget-container\">\n\t\t\t\t\t\t\t<div class=\"elementor-wrapper elementor-open-inline\">\n\t\t\t<div class=\"elementor-video\"><\/div>\t\t<\/div>\n\t\t\t\t\t\t<\/div>\n\t\t\t\t<\/div>\n\t\t\t\t\t<\/div>\n\t\t<\/div>\n\t\t\t\t\t<\/div>\n\t\t<\/section>\n\t\t\t\t<section class=\"elementor-section elementor-top-section elementor-element elementor-element-0f472e5 elementor-section-boxed elementor-section-height-default elementor-section-height-default\" data-id=\"0f472e5\" data-element_type=\"section\" data-e-type=\"section\">\n\t\t\t\t\t\t<div class=\"elementor-container elementor-column-gap-default\">\n\t\t\t\t\t<div class=\"elementor-column elementor-col-100 elementor-top-column elementor-element elementor-element-4efb99e\" data-id=\"4efb99e\" data-element_type=\"column\" data-e-type=\"column\">\n\t\t\t<div class=\"elementor-widget-wrap\">\n\t\t\t\t\t\t\t<\/div>\n\t\t<\/div>\n\t\t\t\t\t<\/div>\n\t\t<\/section>\n\t\t\t\t<section class=\"elementor-section elementor-top-section elementor-element elementor-element-453d5b1 elementor-section-boxed elementor-section-height-default elementor-section-height-default\" data-id=\"453d5b1\" data-element_type=\"section\" data-e-type=\"section\">\n\t\t\t\t\t\t<div class=\"elementor-container elementor-column-gap-default\">\n\t\t\t\t\t<div class=\"elementor-column elementor-col-100 elementor-top-column elementor-element elementor-element-83e9a9d\" data-id=\"83e9a9d\" data-element_type=\"column\" data-e-type=\"column\">\n\t\t\t<div class=\"elementor-widget-wrap elementor-element-populated\">\n\t\t\t\t\t\t<div class=\"elementor-element elementor-element-26ed39c elementor-widget elementor-widget-text-editor\" data-id=\"26ed39c\" data-element_type=\"widget\" data-e-type=\"widget\" data-widget_type=\"text-editor.default\">\n\t\t\t\t<div class=\"elementor-widget-container\">\n\t\t\t\t\t\t\t\t\t<p><a href=\"https:\/\/support.google.com\/webmasters\/answer\/35291?hl=fr\">Choisir le bon r\u00e9f\u00e9renceur (SEO) pour votre site Web.\u00a0<\/a><\/p>\t\t\t\t\t\t\t\t<\/div>\n\t\t\t\t<\/div>\n\t\t\t\t<div class=\"elementor-element elementor-element-95da27e elementor-widget elementor-widget-heading\" data-id=\"95da27e\" data-element_type=\"widget\" data-e-type=\"widget\" data-widget_type=\"heading.default\">\n\t\t\t\t<div class=\"elementor-widget-container\">\n\t\t\t\t\t<h3 class=\"elementor-heading-title elementor-size-default\">Mes Prix R\u00e9f\u00e9rencement naturel - SEO<\/h3>\t\t\t\t<\/div>\n\t\t\t\t<\/div>\n\t\t\t\t<div class=\"elementor-element elementor-element-d300bfe elementor-widget elementor-widget-text-editor\" data-id=\"d300bfe\" data-element_type=\"widget\" data-e-type=\"widget\" data-widget_type=\"text-editor.default\">\n\t\t\t\t<div class=\"elementor-widget-container\">\n\t\t\t\t\t\t\t\t\t<p>Si vous avez un mod\u00e8le commercial en ligne et que vous envisagez de long terme, il est pr\u00e9f\u00e9rable de faire appel \u00e0 un sp\u00e9cialiste en r\u00e9f\u00e9rencement interne. Si vous n&#8217;avez pas un tel budget ou si vous d\u00e9butez, vous pouvez me contacter pour des services de r\u00e9f\u00e9rencement freelance.<\/p><p>Je n\u2019ai pas de prix fixe ou unique pour mes services de r\u00e9f\u00e9rencement naturel ou payant. Je propose des prix personnalis\u00e9s en fonction de la taille de votre projet. Par exemple, si vous \u00eates une PME et que vous souhaitez am\u00e9liorer la visibilit\u00e9 de votre site Web vitrine, le prix sera beaucoup moins cher qu&#8217;un site e-commerce multilingue ou multi-r\u00e9gional avec beaucoup de pages et de produits. N&#8217;h\u00e9sitez pas \u00e0 me contacter pour un devis personnalis\u00e9.<\/p>\t\t\t\t\t\t\t\t<\/div>\n\t\t\t\t<\/div>\n\t\t\t\t<div class=\"elementor-element elementor-element-c94f1c0 elementor-align-center elementor-widget elementor-widget-button\" data-id=\"c94f1c0\" data-element_type=\"widget\" data-e-type=\"widget\" data-widget_type=\"button.default\">\n\t\t\t\t<div class=\"elementor-widget-container\">\n\t\t\t\t\t\t\t\t\t<div class=\"elementor-button-wrapper\">\n\t\t\t\t\t<a class=\"elementor-button elementor-button-link elementor-size-sm\" href=\"\/fr-mu\/contact\/\">\n\t\t\t\t\t\t<span class=\"elementor-button-content-wrapper\">\n\t\t\t\t\t\t\t\t\t<span class=\"elementor-button-text\">Me contacter<\/span>\n\t\t\t\t\t<\/span>\n\t\t\t\t\t<\/a>\n\t\t\t\t<\/div>\n\t\t\t\t\t\t\t\t<\/div>\n\t\t\t\t<\/div>\n\t\t\t\t\t<\/div>\n\t\t<\/div>\n\t\t\t\t\t<\/div>\n\t\t<\/section>\n\t\t\t\t<\/div>\n\t\t","protected":false},"excerpt":{"rendered":"<p>Bienvenue sur mon blog. Je m&#8217;appelle Yuhan. Je suis un consultant en r\u00e9f\u00e9rencement naturel (SEO) bas\u00e9 \u00e0 l&#8217;ile Maurice. J&#8217;aide les entreprises \u00e0 optimiser leurs sites Web pour leurs utilisateurs et \u00e0 am\u00e9liorer leur classement dans les moteurs de recherche. Ayant travaill\u00e9 dans des agences de communication, en sous-traitance et en tant que freelance, je [&hellip;]<\/p>\n","protected":false},"author":1,"featured_media":0,"parent":0,"menu_order":0,"comment_status":"closed","ping_status":"open","template":"","meta":{"_seopress_robots_primary_cat":"","_seopress_titles_title":"R\u00e9f\u00e9rencement naturel \u00eele Maurice - Consultant SEO Mauricien","_seopress_titles_desc":"Bonjour et bienvenue sur mon blogue. Je suis Yuhan, consultant en r\u00e9f\u00e9rencement naturel (SEO) \u00e0 l&#039;\u00eele Maurice.   \ud83d\udcde57604700","_seopress_robots_index":"","_genesis_hide_title":false,"_genesis_hide_breadcrumbs":false,"_genesis_hide_singular_image":false,"_genesis_hide_footer_widgets":false,"_genesis_custom_body_class":"","_genesis_custom_post_class":"","_genesis_layout":"","footnotes":""},"class_list":{"0":"post-109","1":"page","2":"type-page","3":"status-publish","5":"entry","6":"has-post-thumbnail"},"_links":{"self":[{"href":"https:\/\/yuhan.pro\/fr-mu\/wp-json\/wp\/v2\/pages\/109","targetHints":{"allow":["GET"]}}],"collection":[{"href":"https:\/\/yuhan.pro\/fr-mu\/wp-json\/wp\/v2\/pages"}],"about":[{"href":"https:\/\/yuhan.pro\/fr-mu\/wp-json\/wp\/v2\/types\/page"}],"author":[{"embeddable":true,"href":"https:\/\/yuhan.pro\/fr-mu\/wp-json\/wp\/v2\/users\/1"}],"replies":[{"embeddable":true,"href":"https:\/\/yuhan.pro\/fr-mu\/wp-json\/wp\/v2\/comments?post=109"}],"version-history":[{"count":6,"href":"https:\/\/yuhan.pro\/fr-mu\/wp-json\/wp\/v2\/pages\/109\/revisions"}],"predecessor-version":[{"id":953,"href":"https:\/\/yuhan.pro\/fr-mu\/wp-json\/wp\/v2\/pages\/109\/revisions\/953"}],"wp:attachment":[{"href":"https:\/\/yuhan.pro\/fr-mu\/wp-json\/wp\/v2\/media?parent=109"}],"curies":[{"name":"wp","href":"https:\/\/api.w.org\/{rel}","templated":true}]}}