{"id":8,"date":"2019-04-19T12:41:22","date_gmt":"2019-04-19T12:41:22","guid":{"rendered":"https:\/\/yuhan.pro\/?page_id=8"},"modified":"2019-05-24T13:17:01","modified_gmt":"2019-05-24T13:17:01","slug":"consultant-seo-ile-maurice","status":"publish","type":"page","link":"https:\/\/yuhan.pro\/fr\/","title":{"rendered":"Expert SEO international &#8211; Bilingue"},"content":{"rendered":"\t\t<div data-elementor-type=\"wp-post\" data-elementor-id=\"8\" class=\"elementor elementor-8\">\n\t\t\t\t\t\t<section class=\"elementor-section elementor-top-section elementor-element elementor-element-48ee26fd elementor-section-boxed elementor-section-height-default elementor-section-height-default\" data-id=\"48ee26fd\" data-element_type=\"section\" data-e-type=\"section\">\n\t\t\t\t\t\t<div class=\"elementor-container elementor-column-gap-default\">\n\t\t\t\t\t<div class=\"elementor-column elementor-col-100 elementor-top-column elementor-element elementor-element-57112f3f\" data-id=\"57112f3f\" data-element_type=\"column\" data-e-type=\"column\">\n\t\t\t<div class=\"elementor-widget-wrap elementor-element-populated\">\n\t\t\t\t\t\t<div class=\"elementor-element elementor-element-d50616a elementor-widget elementor-widget-text-editor\" data-id=\"d50616a\" data-element_type=\"widget\" data-e-type=\"widget\" data-widget_type=\"text-editor.default\">\n\t\t\t\t<div class=\"elementor-widget-container\">\n\t\t\t\t\t\t\t\t\t<p><\/p>\n<p>Merci de visiter mon blogue, je suis Yuhan, <strong>consultant SEO international bilingue<\/strong>. Je compte plus de 10 ans d&rsquo;exp\u00e9rience dans le marketing sur internet et une passion pour le marketing sur les moteurs de recherche. Les derni\u00e8res ann\u00e9es de ma carri\u00e8re ont \u00e9t\u00e9 consacr\u00e9s \u00e0 apprendre et travailler avec le r\u00e9f\u00e9rencement (SEO) international et le r\u00e9f\u00e9rencement des sites e-commerce.<\/p>\n<p><\/p>\n\t\t\t\t\t\t\t\t<\/div>\n\t\t\t\t<\/div>\n\t\t\t\t\t<\/div>\n\t\t<\/div>\n\t\t\t\t\t<\/div>\n\t\t<\/section>\n\t\t\t\t<section class=\"elementor-section elementor-top-section elementor-element elementor-element-b0e1cac elementor-section-boxed elementor-section-height-default elementor-section-height-default\" data-id=\"b0e1cac\" data-element_type=\"section\" data-e-type=\"section\">\n\t\t\t\t\t\t<div class=\"elementor-container elementor-column-gap-default\">\n\t\t\t\t\t<div class=\"elementor-column elementor-col-100 elementor-top-column elementor-element elementor-element-fecdf05\" data-id=\"fecdf05\" data-element_type=\"column\" data-e-type=\"column\">\n\t\t\t<div class=\"elementor-widget-wrap elementor-element-populated\">\n\t\t\t\t\t\t<div class=\"elementor-element elementor-element-31068d1 elementor-align-center elementor-widget elementor-widget-button\" data-id=\"31068d1\" data-element_type=\"widget\" data-e-type=\"widget\" data-widget_type=\"button.default\">\n\t\t\t\t<div class=\"elementor-widget-container\">\n\t\t\t\t\t\t\t\t\t<div class=\"elementor-button-wrapper\">\n\t\t\t\t\t<a class=\"elementor-button elementor-button-link elementor-size-xs\" href=\"https:\/\/yuhan.pro\/fr\/contact\/\">\n\t\t\t\t\t\t<span class=\"elementor-button-content-wrapper\">\n\t\t\t\t\t\t<span class=\"elementor-button-icon\">\n\t\t\t\t\t\t\t\t\t<i class=\"fa fa-arrow-right\" aria-hidden=\"true\"><\/i>\n\t\t\t\t\t\t\t<\/span>\n\t\t\t\t\t\t\t\t\t<span class=\"elementor-button-text\">Consulter un expert<\/span>\n\t\t\t\t\t<\/span>\n\t\t\t\t\t<\/a>\n\t\t\t\t<\/div>\n\t\t\t\t\t\t\t\t<\/div>\n\t\t\t\t<\/div>\n\t\t\t\t<div class=\"elementor-element elementor-element-be3899e elementor-widget elementor-widget-heading\" data-id=\"be3899e\" data-element_type=\"widget\" data-e-type=\"widget\" data-widget_type=\"heading.default\">\n\t\t\t\t<div class=\"elementor-widget-container\">\n\t\t\t\t\t<h2 class=\"elementor-heading-title elementor-size-default\"><br>Expansion globale et le r\u00e9f\u00e9rencement<\/h2>\t\t\t\t<\/div>\n\t\t\t\t<\/div>\n\t\t\t\t<div class=\"elementor-element elementor-element-3217669 elementor-widget elementor-widget-text-editor\" data-id=\"3217669\" data-element_type=\"widget\" data-e-type=\"widget\" data-widget_type=\"text-editor.default\">\n\t\t\t\t<div class=\"elementor-widget-container\">\n\t\t\t\t\t\t\t\t\t<p>L&rsquo;expansion d&rsquo;une entreprise \u00e0 l&rsquo;\u00e9chelle internationale est un sujet qui soul\u00e8ve une beaucoup de questions. Et l\u2019un d\u2019eux est: comment cibler un public international? Ou peut-\u00eatre diff\u00e9rents pays avec des utilisateurs qui parlent des langues diff\u00e9rentes.<\/p>\n<p>Le web permet de connecter le monde dans lequel nous vivons. Et avec le r\u00e9f\u00e9rencement, il est d\u00e9sormais facile de pr\u00e9senter vos produits \u00e0 un public international. Le r\u00e9f\u00e9rencement international est l&rsquo;art d&rsquo;optimiser votre site Web en fonction des langues et des localisations g\u00e9ographiques appropri\u00e9es. Il fait r\u00e9f\u00e9rence \u00e0 une s\u00e9rie de pratiques recommand\u00e9es pour aider les moteurs de recherche \u00e0 mieux comprendre votre contenu avant de le diffuser aux chercheurs pertinents.<\/p>\n\t\t\t\t\t\t\t\t<\/div>\n\t\t\t\t<\/div>\n\t\t\t\t\t<\/div>\n\t\t<\/div>\n\t\t\t\t\t<\/div>\n\t\t<\/section>\n\t\t\t\t<\/div>\n\t\t","protected":false},"excerpt":{"rendered":"<p>Merci de visiter mon blogue, je suis Yuhan, consultant SEO international bilingue. Je compte plus de 10 ans d&rsquo;exp\u00e9rience dans le marketing sur internet et une passion pour le marketing sur les moteurs de recherche. Les derni\u00e8res ann\u00e9es de ma carri\u00e8re ont \u00e9t\u00e9 consacr\u00e9s \u00e0 apprendre et travailler avec le r\u00e9f\u00e9rencement (SEO) international et le [&hellip;]<\/p>\n","protected":false},"author":1,"featured_media":0,"parent":0,"menu_order":0,"comment_status":"closed","ping_status":"open","template":"","meta":{"_seopress_robots_primary_cat":"","_seopress_titles_title":"Expert SEO international - R\u00e9f\u00e9rencement bilingue, Yuhan","_seopress_titles_desc":"Bienvenue sur mon site Web, je suis Yuhan, expert SEO international bilingue. Contactez moi pour \ud83d\ude80votre r\u00e9f\u00e9rencement sur Google dans le monde entier.","_seopress_robots_index":"","_genesis_hide_title":false,"_genesis_hide_breadcrumbs":false,"_genesis_hide_singular_image":false,"_genesis_hide_footer_widgets":false,"_genesis_custom_body_class":"","_genesis_custom_post_class":"","_genesis_layout":"","footnotes":""},"class_list":{"0":"post-8","1":"page","2":"type-page","3":"status-publish","5":"entry","6":"has-post-thumbnail"},"_links":{"self":[{"href":"https:\/\/yuhan.pro\/fr\/wp-json\/wp\/v2\/pages\/8","targetHints":{"allow":["GET"]}}],"collection":[{"href":"https:\/\/yuhan.pro\/fr\/wp-json\/wp\/v2\/pages"}],"about":[{"href":"https:\/\/yuhan.pro\/fr\/wp-json\/wp\/v2\/types\/page"}],"author":[{"embeddable":true,"href":"https:\/\/yuhan.pro\/fr\/wp-json\/wp\/v2\/users\/1"}],"replies":[{"embeddable":true,"href":"https:\/\/yuhan.pro\/fr\/wp-json\/wp\/v2\/comments?post=8"}],"version-history":[{"count":5,"href":"https:\/\/yuhan.pro\/fr\/wp-json\/wp\/v2\/pages\/8\/revisions"}],"predecessor-version":[{"id":916,"href":"https:\/\/yuhan.pro\/fr\/wp-json\/wp\/v2\/pages\/8\/revisions\/916"}],"wp:attachment":[{"href":"https:\/\/yuhan.pro\/fr\/wp-json\/wp\/v2\/media?parent=8"}],"curies":[{"name":"wp","href":"https:\/\/api.w.org\/{rel}","templated":true}]}}